{"id":622,"date":"2025-08-27T12:44:09","date_gmt":"2025-08-27T10:44:09","guid":{"rendered":"https:\/\/www.christopheromei.com\/?page_id=622"},"modified":"2025-08-27T12:44:09","modified_gmt":"2025-08-27T10:44:09","slug":"gr20-une-lecon-de-connectivite-pour-les-telecoms","status":"publish","type":"page","link":"https:\/\/www.christopheromei.com\/index.php\/gr20-une-lecon-de-connectivite-pour-les-telecoms\/","title":{"rendered":"GR20 : une le\u00e7on de connectivit\u00e9 pour les t\u00e9l\u00e9coms"},"content":{"rendered":"\n<p>En juin 2025, j\u2019ai eu la chance de parcourir en 15 jours le GR20, <strong>ce sentier mythique de 180 km en Corse<\/strong>, qui s\u2019impose aussi comme un laboratoire grandeur nature pour les t\u00e9l\u00e9coms.<\/p>\n\n\n\n<p>Au-dessus de <strong>2 000 m\u00e8tres<\/strong>, la plupart des op\u00e9rateurs offrent <strong>1 \u00e0 2 barres de 5G<\/strong>\u2026 mais dans les vall\u00e9es, <strong>le r\u00e9seau dispara\u00eet compl\u00e8tement<\/strong>. Une d\u00e9connexion totale, impos\u00e9e par le relief.<\/p>\n\n\n\n<p>Les <strong>quatre grands op\u00e9rateurs fran\u00e7ais<\/strong> ont encore du chemin \u00e0 parcourir pour assurer une <strong>connectivit\u00e9 minimale et s\u00e9curisante<\/strong>. M\u00eame les refuges ne sont pas \u00e9pargn\u00e9s : <strong>aucun r\u00e9seau mobile<\/strong> pour la majorit\u00e9, seuls quelques points s\u2019en sortent gr\u00e2ce au satellite \u2014 comme la <strong>bergerie Ballone<\/strong> ou l\u2019h\u00f4tel <strong>Castel de Vergio<\/strong> \u00e9quip\u00e9s de <strong>Starlink<\/strong>.<\/p>\n\n\n\n<p>Le GR20 rappelle une \u00e9vidence : <strong>la couverture mobile en montagne reste un d\u00e9fi colossal<\/strong>\u2026 mais aussi une <strong>opportunit\u00e9 strat\u00e9gique<\/strong> pour les op\u00e9rateurs.<\/p>\n\n\n\n<p>\ud83d\udcd8 <strong>Pour les passionn\u00e9s d\u2019aventure<\/strong> : j\u2019ai rassembl\u00e9 mon retour d\u2019exp\u00e9rience dans un <strong>guide pratique complet<\/strong> sur le GR20 -> \u00c9tapes, \u00e9quipement, hydratation, vie en refuge et zones de connectivit\u00e9 : tout ce qu\u2019il faut savoir pour pr\u00e9parer <strong>votre travers\u00e9e<\/strong>.<\/p>\n\n\n\n<div style=\"height:31px\" aria-hidden=\"true\" class=\"wp-block-spacer\"><\/div>\n\n\n\n<div data-wp-interactive=\"core\/file\" class=\"wp-block-file\"><object data-wp-bind--hidden=\"!state.hasPdfPreview\" hidden class=\"wp-block-file__embed\" data=\"https:\/\/www.christopheromei.com\/wp-content\/uploads\/2025\/08\/GR20_2025_FR.pdf\" type=\"application\/pdf\" style=\"width:100%;height:600px\" aria-label=\"Embed of GR20_2025_FR.\"><\/object><a id=\"wp-block-file--media-2a91e669-8f86-4e44-912f-307cc62ec1b4\" href=\"https:\/\/www.christopheromei.com\/wp-content\/uploads\/2025\/08\/GR20_2025_FR.pdf\">GR20_2025_FR<\/a><a href=\"https:\/\/www.christopheromei.com\/wp-content\/uploads\/2025\/08\/GR20_2025_FR.pdf\" class=\"wp-block-file__button wp-element-button\" download aria-describedby=\"wp-block-file--media-2a91e669-8f86-4e44-912f-307cc62ec1b4\">Download<\/a><\/div>\n","protected":false},"excerpt":{"rendered":"<p>En juin 2025, j\u2019ai eu la chance de parcourir en 15 jours le GR20, ce sentier mythique de 180 km en Corse, qui s\u2019impose aussi comme un laboratoire grandeur nature pour les t\u00e9l\u00e9coms. Au-dessus de 2 000 m\u00e8tres, la plupart des op\u00e9rateurs offrent 1 \u00e0 2 barres de 5G\u2026 mais dans les vall\u00e9es, le r\u00e9seau [&hellip;]<\/p>\n","protected":false},"author":1,"featured_media":0,"parent":0,"menu_order":0,"comment_status":"closed","ping_status":"closed","template":"","meta":{"footnotes":""},"class_list":["post-622","page","type-page","status-publish","hentry"],"_links":{"self":[{"href":"https:\/\/www.christopheromei.com\/index.php\/wp-json\/wp\/v2\/pages\/622","targetHints":{"allow":["GET"]}}],"collection":[{"href":"https:\/\/www.christopheromei.com\/index.php\/wp-json\/wp\/v2\/pages"}],"about":[{"href":"https:\/\/www.christopheromei.com\/index.php\/wp-json\/wp\/v2\/types\/page"}],"author":[{"embeddable":true,"href":"https:\/\/www.christopheromei.com\/index.php\/wp-json\/wp\/v2\/users\/1"}],"replies":[{"embeddable":true,"href":"https:\/\/www.christopheromei.com\/index.php\/wp-json\/wp\/v2\/comments?post=622"}],"version-history":[{"count":1,"href":"https:\/\/www.christopheromei.com\/index.php\/wp-json\/wp\/v2\/pages\/622\/revisions"}],"predecessor-version":[{"id":624,"href":"https:\/\/www.christopheromei.com\/index.php\/wp-json\/wp\/v2\/pages\/622\/revisions\/624"}],"wp:attachment":[{"href":"https:\/\/www.christopheromei.com\/index.php\/wp-json\/wp\/v2\/media?parent=622"}],"curies":[{"name":"wp","href":"https:\/\/api.w.org\/{rel}","templated":true}]}}